
{"id":10,"date":"2021-10-24T16:20:23","date_gmt":"2021-10-24T14:20:23","guid":{"rendered":"https:\/\/eweeme.webd.pro\/eweeme\/?page_id=10"},"modified":"2021-12-04T14:56:20","modified_gmt":"2021-12-04T13:56:20","slug":"zwroty","status":"publish","type":"page","link":"http:\/\/ewe-eme.com\/en\/zwroty\/","title":{"rendered":"Returns"},"content":{"rendered":"<h1 class=\"wp-block-heading\" id=\"odstapienie-od-umowy-zakupu\">Withdrawal from the contract<\/h1>\n\n\n\n<ul class=\"wp-block-list\"><li>Consumer has the right to withdraw from the contract in writing without giving any reason within fourteen days from the date of delivery of the goods. For the 14-day time limit it is sufficient to send a declaration of withdrawal before its expiry.<\/li><\/ul>\n\n\n\n<ul class=\"wp-block-list\"><li>The declaration may be made on the form:<\/li><\/ul>\n\n\n\n<div class=\"wp-block-file\">\u27a2 <a id=\"wp-block-file--media-0ae651f6-d167-466f-99f2-fe9fcbdbb61b\" href=\"https:\/\/ewe-eme.com\/wp-content\/uploads\/2021\/11\/zwroty-en.pdf\">Form of withdraw from the contract<\/a><a href=\"https:\/\/ewe-eme.com\/wp-content\/uploads\/2021\/11\/zwroty-en.pdf\" class=\"wp-block-file__button\" download=\"\" aria-describedby=\"wp-block-file--media-0ae651f6-d167-466f-99f2-fe9fcbdbb61b\">Download<\/a><\/div>\n\n\n\n<ul class=\"wp-block-list\"><li>The use of the form is optional.<\/li><\/ul>\n\n\n\n<ul class=\"wp-block-list\"><li>In case of withdrawal from the contract, the customer is obliged to return the goods to the address: <\/li><\/ul>\n\n\n\n<p><strong>ul. Kalinowa 10, 08-110 Siedlce, Polska<\/strong> <\/p>\n\n\n\n<p>but <u>no later than 14 days from the date on which the Customer withdrew from the contract<\/u>. Returned goods should be packed in such a way that they cannot be damaged during transport. The direct cost of returning the goods shall be borne by the Customer.<\/p>\n\n\n\n<ul class=\"wp-block-list\"><li>In the event of withdrawal from the contract, the Customer shall be reimbursed all payments received from him\/her, including the costs of delivering the goods to the Customer (except for additional costs resulting from the method of delivery chosen by the Customer other than the cheapest usual method of delivery offered in the delivery of goods available in the Shop)<\/li><li>Detailed rules of the Store's return policy are specified in <a href=\"https:\/\/ewe-eme.com\/en\/regulamin\/\">the terms and conditions of the \u201cEWE EME\u201d online shop.<\/a>.<\/li><\/ul>\n\n\n\n<p><\/p>","protected":false},"excerpt":{"rendered":"<p>Odst\u0105pienie od umowy zakupu Klient ma prawo do pisemnego odst\u0105pienia od zawieranej umowy bez podania przyczyny w terminie czternastu dni od otrzymania towaru. Do zachowania czternastodniowego terminu wystarczaj\u0105ce jest wys\u0142anie o\u015bwiadczenia o odst\u0105pieniu przed jego up\u0142ywem. O\u015bwiadczenie mo\u017cna z\u0142o\u017cy\u0107 na poni\u017cszym formularzu: \u27a2 Wz\u00f3r odst\u0105pienia od umowy zakupuPobierz Korzystanie z formularza jest fakultatywne. W przypadku [&hellip;]<\/p>\n","protected":false},"author":1,"featured_media":0,"parent":0,"menu_order":0,"comment_status":"closed","ping_status":"closed","template":"","meta":{"_acf_changed":false,"advgb_blocks_editor_width":"","advgb_blocks_columns_visual_guide":"","footnotes":""},"class_list":["post-10","page","type-page","status-publish","hentry"],"acf":[],"coauthors":[],"author_meta":{"author_link":"http:\/\/ewe-eme.com\/en\/author\/eweeme\/","display_name":"eweeme"},"relative_dates":{"created":"Posted 4 years ago","modified":"Updated 4 years ago"},"absolute_dates":{"created":"Posted on 24\/10\/2021","modified":"Updated on 04\/12\/2021"},"absolute_dates_time":{"created":"Posted on 24\/10\/2021 16:20","modified":"Updated on 04\/12\/2021 14:56"},"featured_img_caption":"","featured_img":false,"_links":{"self":[{"href":"http:\/\/ewe-eme.com\/en\/wp-json\/wp\/v2\/pages\/10","targetHints":{"allow":["GET"]}}],"collection":[{"href":"http:\/\/ewe-eme.com\/en\/wp-json\/wp\/v2\/pages"}],"about":[{"href":"http:\/\/ewe-eme.com\/en\/wp-json\/wp\/v2\/types\/page"}],"author":[{"embeddable":true,"href":"http:\/\/ewe-eme.com\/en\/wp-json\/wp\/v2\/users\/1"}],"replies":[{"embeddable":true,"href":"http:\/\/ewe-eme.com\/en\/wp-json\/wp\/v2\/comments?post=10"}],"version-history":[{"count":7,"href":"http:\/\/ewe-eme.com\/en\/wp-json\/wp\/v2\/pages\/10\/revisions"}],"predecessor-version":[{"id":423,"href":"http:\/\/ewe-eme.com\/en\/wp-json\/wp\/v2\/pages\/10\/revisions\/423"}],"wp:attachment":[{"href":"http:\/\/ewe-eme.com\/en\/wp-json\/wp\/v2\/media?parent=10"}],"curies":[{"name":"wp","href":"https:\/\/api.w.org\/{rel}","templated":true}]}}