
{"id":3,"date":"2021-10-24T16:04:09","date_gmt":"2021-10-24T14:04:09","guid":{"rendered":"https:\/\/eweeme.webd.pro\/eweeme\/?page_id=3"},"modified":"2021-11-27T10:59:18","modified_gmt":"2021-11-27T09:59:18","slug":"polityka-prywatnosci","status":"publish","type":"page","link":"http:\/\/ewe-eme.com\/en\/polityka-prywatnosci\/","title":{"rendered":"Privacy policy"},"content":{"rendered":"<h1 class=\"wp-block-heading\" id=\"polityka-prywatnosci\">Privacy policy<\/h1>\n\n\n\n<p id=\"polityka-prywatnosci\">1. The privacy policy contains rules regarding the processing of personal data by the Portal, including the grounds, purposes and scope of personal data processing and the rights of data subjects, as well as information on the use of cookies and analytical tools.<\/p>\n\n\n\n<p>2. Administratorem danych osobowych zbieranych za po\u015brednictwem strony jest Ewelina Marczy\u0144ska STUDIO z siedzib\u0105: ul. Kalinowa 10, 08-110 Siedlce, NIP 8212446288 i REGON 146661866 \u2013 zwana dalej \u201eAdministratorem\u201d.<\/p>\n\n\n\n<p>3. By filling in the purchase form and ticking the box next to the relevant declaration, the Customer consents to the collection and processing of his personal data in accordance with the General Data Protection Regulation of 27 April 2016 (Official Journal of the European Union L 119 dated 27 April 2016, further \u201cthe GDPR\u201d) by the Administrator for the purposes necessary to implement the provisions of these Terms and Conditions and the services provided on its basis.<\/p>\n\n\n\n<p>4. The Customer's personal data shall be processed in order to process orders, returns, book transactions in the Shop's IT accounting system for the period required by law as well as in order to store personal data in the IT accounting system to ensure the history of commercial transactions made by the Shop. The legal basis for processing of this data is Art 6(1) of the GDPR.<\/p>\n\n\n\n<p>5. With additional consent given by the Customer, the collected personal data may also be used for promotional and marketing purposes, including presenting the Customer with the Shop's commercial offer and other marketing information related to the Shop.<\/p>\n\n\n\n<p>6. In case of newsletter subscription and granting consent to receive it in the process of registration or placing an order (granting consent to receive commercial information by electronic means), it is only necessary to provide the e-mail address to which commercial information from the Administrator will be sent. The Customer may withdraw from sending such information at any time.<\/p>\n\n\n\n<p>7. The name, surname, address, telephone number and e-mail address given while placing an order are transferred to DPD or InPost transport company in the form of a shipping list\/label, which is also an order to deliver the parcel, and in this respect are processed by the said company.<\/p>\n\n\n\n<p>8. The Customer has the right to lodge a complaint with the supervisory authority.<\/p>\n\n\n\n<p>9. The Customer has also the right to demand from the Administrator access to personal data, their correction, deletion or limitation of processing, objection to data processing, data transfer and the right to withdraw consent.<\/p>\n\n\n\n<p>10. Providing personal data is a condition for concluding a contract.<\/p>","protected":false},"excerpt":{"rendered":"<p>Polityka prywatno\u015bci 1. Polityka prywatno\u015bci zawiera zasady dotycz\u0105ce przetwarzania danych osobowych przez Portal, w tym podstawy, cele i zakres przetwarzania danych osobowych oraz prawa os\u00f3b, kt\u00f3rych dane dotycz\u0105, a tak\u017ce informacje w zakresie stosowania plik\u00f3w cookies oraz narz\u0119dzi analitycznych. 2. Administratorem danych osobowych zbieranych za po\u015brednictwem strony jest Ewelina Marczy\u0144ska STUDIO z siedzib\u0105: ul. Kalinowa [&hellip;]<\/p>\n","protected":false},"author":1,"featured_media":0,"parent":0,"menu_order":0,"comment_status":"closed","ping_status":"open","template":"","meta":{"_acf_changed":false,"advgb_blocks_editor_width":"","advgb_blocks_columns_visual_guide":"","footnotes":""},"class_list":["post-3","page","type-page","status-publish","hentry"],"acf":[],"coauthors":[],"author_meta":{"author_link":"http:\/\/ewe-eme.com\/en\/author\/eweeme\/","display_name":"eweeme"},"relative_dates":{"created":"Posted 4 years ago","modified":"Updated 4 years ago"},"absolute_dates":{"created":"Posted on 24\/10\/2021","modified":"Updated on 27\/11\/2021"},"absolute_dates_time":{"created":"Posted on 24\/10\/2021 16:04","modified":"Updated on 27\/11\/2021 10:59"},"featured_img_caption":"","featured_img":false,"_links":{"self":[{"href":"http:\/\/ewe-eme.com\/en\/wp-json\/wp\/v2\/pages\/3","targetHints":{"allow":["GET"]}}],"collection":[{"href":"http:\/\/ewe-eme.com\/en\/wp-json\/wp\/v2\/pages"}],"about":[{"href":"http:\/\/ewe-eme.com\/en\/wp-json\/wp\/v2\/types\/page"}],"author":[{"embeddable":true,"href":"http:\/\/ewe-eme.com\/en\/wp-json\/wp\/v2\/users\/1"}],"replies":[{"embeddable":true,"href":"http:\/\/ewe-eme.com\/en\/wp-json\/wp\/v2\/comments?post=3"}],"version-history":[{"count":5,"href":"http:\/\/ewe-eme.com\/en\/wp-json\/wp\/v2\/pages\/3\/revisions"}],"predecessor-version":[{"id":251,"href":"http:\/\/ewe-eme.com\/en\/wp-json\/wp\/v2\/pages\/3\/revisions\/251"}],"wp:attachment":[{"href":"http:\/\/ewe-eme.com\/en\/wp-json\/wp\/v2\/media?parent=3"}],"curies":[{"name":"wp","href":"https:\/\/api.w.org\/{rel}","templated":true}]}}