
{"id":36,"date":"2021-10-24T16:33:16","date_gmt":"2021-10-24T14:33:16","guid":{"rendered":"https:\/\/eweeme.webd.pro\/eweeme\/?page_id=36"},"modified":"2021-12-03T20:13:31","modified_gmt":"2021-12-03T19:13:31","slug":"o-mnie","status":"publish","type":"page","link":"http:\/\/ewe-eme.com\/en\/o-mnie\/","title":{"rendered":"About"},"content":{"rendered":"<h1 class=\"wp-block-heading\" id=\"o-nas\">About<\/h1>\n\n\n\n<div class=\"wp-block-media-text alignwide has-media-on-the-right is-stacked-on-mobile\"><figure class=\"wp-block-media-text__media\"><img loading=\"lazy\" decoding=\"async\" width=\"2048\" height=\"2560\" src=\"https:\/\/eweeme.webd.pro\/eweeme\/wp-content\/uploads\/2021\/12\/cashmere-set-big-scaled.jpg\" alt=\"\" class=\"wp-image-381 size-full\" srcset=\"https:\/\/ewe-eme.com\/wp-content\/uploads\/2021\/12\/cashmere-set-big-scaled.jpg 2048w, https:\/\/ewe-eme.com\/wp-content\/uploads\/2021\/12\/cashmere-set-big-240x300.jpg 240w, https:\/\/ewe-eme.com\/wp-content\/uploads\/2021\/12\/cashmere-set-big-819x1024.jpg 819w, https:\/\/ewe-eme.com\/wp-content\/uploads\/2021\/12\/cashmere-set-big-768x960.jpg 768w, https:\/\/ewe-eme.com\/wp-content\/uploads\/2021\/12\/cashmere-set-big-1229x1536.jpg 1229w, https:\/\/ewe-eme.com\/wp-content\/uploads\/2021\/12\/cashmere-set-big-1638x2048.jpg 1638w, https:\/\/ewe-eme.com\/wp-content\/uploads\/2021\/12\/cashmere-set-big-10x12.jpg 10w, https:\/\/ewe-eme.com\/wp-content\/uploads\/2021\/12\/cashmere-set-big-324x405.jpg 324w, https:\/\/ewe-eme.com\/wp-content\/uploads\/2021\/12\/cashmere-set-big-416x520.jpg 416w, https:\/\/ewe-eme.com\/wp-content\/uploads\/2021\/12\/cashmere-set-big-48x60.jpg 48w, https:\/\/ewe-eme.com\/wp-content\/uploads\/2021\/12\/cashmere-set-big-72x90.jpg 72w\" sizes=\"auto, (max-width: 2048px) 100vw, 2048px\" \/><\/figure><div class=\"wp-block-media-text__content\">\n<p class=\"has-normal-font-size\">Established in 2013, the EWE EME brand was created in response to fashion consumerism. Fashion designer and manufacturer Ewelina Marczy\u0144ska creates all products by hand in a private atelier.&nbsp;<\/p>\n\n\n\n<p class=\"has-normal-font-size\">Working for the biggest brands in Poland, Spain, and Morocco, she realized that fashion seasonality is a trap. Today she believes in the circular economy and the second circulation of things.&nbsp;<\/p>\n\n\n\n<p class=\"has-normal-font-size\">The EWE EME brand was created out of the need to create a timeless collection which, thanks to its classic form and high-quality materials, has a chance to never grow old.&nbsp;<\/p>\n\n\n\n<p class=\"has-normal-font-size\">The designer avoids materials that cannot be recycled. In her collections she mainly uses cashmere, alpaca, and silk. The products are homogeneous and therefore easy to recycle. Plus, Swarovski crystals are used to add a bit of extravagance.<\/p>\n<\/div><\/div>\n\n\n\n<p><\/p>","protected":false},"excerpt":{"rendered":"<p>O nas Za\u0142o\u017cona w 2013 roku marka EWE EME powsta\u0142a w odpowiedzi na modowy konsumpcjonizm. Projektantka i producentka mody,&nbsp;Ewelina&nbsp;Marczy\u0144ska, wszystkie produkty tworzy r\u0119cznie w prywatnym atelier.&nbsp; Pracuj\u0105c dla najwi\u0119kszych marek w Polsce, Hiszpanii i Maroko zauwa\u017cy\u0142a, \u017ce sezonowo\u015b\u0107 to pu\u0142apka. Dzi\u015b wierzy w gospodark\u0119&nbsp;cyrkularn\u0105 i drugi obieg rzeczy.&nbsp; Marka EWE EME powsta\u0142a z potrzeby stworzenia [&hellip;]<\/p>\n","protected":false},"author":1,"featured_media":0,"parent":0,"menu_order":0,"comment_status":"closed","ping_status":"closed","template":"","meta":{"_acf_changed":false,"advgb_blocks_editor_width":"","advgb_blocks_columns_visual_guide":"","footnotes":""},"class_list":["post-36","page","type-page","status-publish","hentry"],"acf":[],"coauthors":[],"author_meta":{"author_link":"http:\/\/ewe-eme.com\/en\/author\/eweeme\/","display_name":"eweeme"},"relative_dates":{"created":"Posted 4 years ago","modified":"Updated 4 years ago"},"absolute_dates":{"created":"Posted on 24\/10\/2021","modified":"Updated on 03\/12\/2021"},"absolute_dates_time":{"created":"Posted on 24\/10\/2021 16:33","modified":"Updated on 03\/12\/2021 20:13"},"featured_img_caption":"","featured_img":false,"_links":{"self":[{"href":"http:\/\/ewe-eme.com\/en\/wp-json\/wp\/v2\/pages\/36","targetHints":{"allow":["GET"]}}],"collection":[{"href":"http:\/\/ewe-eme.com\/en\/wp-json\/wp\/v2\/pages"}],"about":[{"href":"http:\/\/ewe-eme.com\/en\/wp-json\/wp\/v2\/types\/page"}],"author":[{"embeddable":true,"href":"http:\/\/ewe-eme.com\/en\/wp-json\/wp\/v2\/users\/1"}],"replies":[{"embeddable":true,"href":"http:\/\/ewe-eme.com\/en\/wp-json\/wp\/v2\/comments?post=36"}],"version-history":[{"count":18,"href":"http:\/\/ewe-eme.com\/en\/wp-json\/wp\/v2\/pages\/36\/revisions"}],"predecessor-version":[{"id":421,"href":"http:\/\/ewe-eme.com\/en\/wp-json\/wp\/v2\/pages\/36\/revisions\/421"}],"wp:attachment":[{"href":"http:\/\/ewe-eme.com\/en\/wp-json\/wp\/v2\/media?parent=36"}],"curies":[{"name":"wp","href":"https:\/\/api.w.org\/{rel}","templated":true}]}}