
{"id":3,"date":"2021-10-24T16:04:09","date_gmt":"2021-10-24T14:04:09","guid":{"rendered":"https:\/\/eweeme.webd.pro\/eweeme\/?page_id=3"},"modified":"2021-11-27T10:59:18","modified_gmt":"2021-11-27T09:59:18","slug":"polityka-prywatnosci","status":"publish","type":"page","link":"http:\/\/ewe-eme.com\/pl_pl\/polityka-prywatnosci\/","title":{"rendered":"Polityka prywatno\u015bci"},"content":{"rendered":"\n<h1 class=\"wp-block-heading\" id=\"polityka-prywatnosci\">Polityka prywatno\u015bci<\/h1>\n\n\n\n<p id=\"polityka-prywatnosci\">1. Polityka prywatno\u015bci zawiera zasady dotycz\u0105ce przetwarzania danych osobowych przez Portal, w tym podstawy, cele i zakres przetwarzania danych osobowych oraz prawa os\u00f3b, kt\u00f3rych dane dotycz\u0105, a tak\u017ce informacje w zakresie stosowania plik\u00f3w cookies oraz narz\u0119dzi analitycznych.<\/p>\n\n\n\n<p>2. Administratorem danych osobowych zbieranych za po\u015brednictwem strony jest Ewelina Marczy\u0144ska STUDIO z siedzib\u0105: ul. Kalinowa 10, 08-110 Siedlce, NIP 8212446288 i REGON 146661866 \u2013 zwana dalej \u201eAdministratorem\u201d.<\/p>\n\n\n\n<p>3. Klient poprzez wype\u0142nienie formularza zakupu i zaznaczenie okienka przy stosownym o\u015bwiadczeniu wyra\u017ca zgod\u0119 na zbieranie i przetwarzanie jego danych osobowych zgodnie z og\u00f3lnym rozporz\u0105dzeniem o ochronie danych osobowych z dnia 27 kwietnia 2016 r. (Dz. Urz. UE L 119 z 04.05.2016, dalej \u201eRODO\u201d) przez Administratora w celu niezb\u0119dnym do wykonania postanowie\u0144 niniejszego Regulaminu i \u015bwiadczonych na jego podstawie us\u0142ug.<\/p>\n\n\n\n<p>4. Dane osobowe Klienta przetwarzane b\u0119d\u0105 w celu realizacji zam\u00f3wie\u0144, zwrot\u00f3w, zaksi\u0119gowania transakcji w informatycznym systemie ksi\u0119gowym Sklepu przez okres wymagany przepisami prawa oraz przechowania danych osobowych w informatycznym systemie ksi\u0119gowym dla zapewnienia historii transakcji handlowych dokonywanych przez Sklep; Podstaw\u0105 do przetwarzania tych danych jest art. 6 ust. 1 RODO.<\/p>\n\n\n\n<p>5. Za dodatkow\u0105 zgod\u0105 udzielon\u0105 przez Klienta, zgromadzone dane osobowe mog\u0105 by\u0107 r\u00f3wnie\u017c wykorzystywane w celach promocyjnych i marketingowych, w tym w szczeg\u00f3lno\u015bci w celu przedstawiania Klientowi oferty handlowej sklepu oraz innych informacji marketingowych zwi\u0105zanych ze Sklepem.<\/p>\n\n\n\n<p>6. W przypadku subskrypcji newslettera oraz wyra\u017cenia zgody na jego otrzymywanie w procesie rejestracji lub sk\u0142adania zam\u00f3wienia (wyra\u017cenia zgody na otrzymywanie informacji handlowej drog\u0105 elektroniczn\u0105), konieczne jest jedynie podanie w tym celu adresu e-mail, na kt\u00f3ry przesy\u0142ane b\u0119d\u0105 informacje handlowe od Administratora. Z przesy\u0142ania takich informacji Klient mo\u017ce w ka\u017cdej chwili zrezygnowa\u0107.<\/p>\n\n\n\n<p>7. Podane w trakcie sk\u0142adania zam\u00f3wienia imi\u0119 i nazwisko, adres, telefon, e-mail wskazane jako adres dostawy Klienta przekazywane s\u0105 firmom przewozowym DPD lub InPost w postaci etykiety\/listu przewozowego b\u0119d\u0105cego jednocze\u015bnie zleceniem dor\u0119czenia przesy\u0142ki i w tym zakresie s\u0105 przez wskazan\u0105 firm\u0119 przetwarzane.<\/p>\n\n\n\n<p>8. Klient ma prawo wniesienia skargi do organu nadzorczego.<\/p>\n\n\n\n<p>9. Klient posiada r\u00f3wnie\u017c prawo do \u017c\u0105dania od Administratora dost\u0119pu do danych osobowych, ich sprostowania, usuni\u0119cia lub ograniczenia przetwarzania, wniesienia sprzeciwu wobec przetwarzania danych, przenoszenia danych oraz prawo do cofni\u0119cia zgody.<\/p>\n\n\n\n<p>10. Podanie danych osobowych jest warunkiem zawarcia umowy.<\/p>\n","protected":false},"excerpt":{"rendered":"<p>Polityka prywatno\u015bci 1. Polityka prywatno\u015bci zawiera zasady dotycz\u0105ce przetwarzania danych osobowych przez Portal, w tym podstawy, cele i zakres przetwarzania danych osobowych oraz prawa os\u00f3b, kt\u00f3rych dane dotycz\u0105, a tak\u017ce informacje w zakresie stosowania plik\u00f3w cookies oraz narz\u0119dzi analitycznych. 2. Administratorem danych osobowych zbieranych za po\u015brednictwem strony jest Ewelina Marczy\u0144ska STUDIO z siedzib\u0105: ul. Kalinowa [&hellip;]<\/p>\n","protected":false},"author":1,"featured_media":0,"parent":0,"menu_order":0,"comment_status":"closed","ping_status":"open","template":"","meta":{"_acf_changed":false,"advgb_blocks_editor_width":"","advgb_blocks_columns_visual_guide":"","footnotes":""},"class_list":["post-3","page","type-page","status-publish","hentry"],"acf":[],"coauthors":[],"author_meta":{"author_link":"http:\/\/ewe-eme.com\/pl_pl\/author\/eweeme\/","display_name":"eweeme"},"relative_dates":{"created":"Posted 4 lata ago","modified":"Updated 4 lata ago"},"absolute_dates":{"created":"Posted on 24\/10\/2021","modified":"Updated on 27\/11\/2021"},"absolute_dates_time":{"created":"Posted on 24\/10\/2021 16:04","modified":"Updated on 27\/11\/2021 10:59"},"featured_img_caption":"","featured_img":false,"_links":{"self":[{"href":"http:\/\/ewe-eme.com\/pl_pl\/wp-json\/wp\/v2\/pages\/3","targetHints":{"allow":["GET"]}}],"collection":[{"href":"http:\/\/ewe-eme.com\/pl_pl\/wp-json\/wp\/v2\/pages"}],"about":[{"href":"http:\/\/ewe-eme.com\/pl_pl\/wp-json\/wp\/v2\/types\/page"}],"author":[{"embeddable":true,"href":"http:\/\/ewe-eme.com\/pl_pl\/wp-json\/wp\/v2\/users\/1"}],"replies":[{"embeddable":true,"href":"http:\/\/ewe-eme.com\/pl_pl\/wp-json\/wp\/v2\/comments?post=3"}],"version-history":[{"count":5,"href":"http:\/\/ewe-eme.com\/pl_pl\/wp-json\/wp\/v2\/pages\/3\/revisions"}],"predecessor-version":[{"id":251,"href":"http:\/\/ewe-eme.com\/pl_pl\/wp-json\/wp\/v2\/pages\/3\/revisions\/251"}],"wp:attachment":[{"href":"http:\/\/ewe-eme.com\/pl_pl\/wp-json\/wp\/v2\/media?parent=3"}],"curies":[{"name":"wp","href":"https:\/\/api.w.org\/{rel}","templated":true}]}}