
{"id":176,"date":"2021-11-26T09:11:50","date_gmt":"2021-11-26T08:11:50","guid":{"rendered":"https:\/\/eweeme.webd.pro\/eweeme\/?post_type=product&#038;p=176"},"modified":"2024-11-24T21:21:38","modified_gmt":"2024-11-24T20:21:38","slug":"bucket-hat-camel-alpaca","status":"publish","type":"product","link":"http:\/\/ewe-eme.com\/pl_pl\/produkt\/bucket-hat-camel-alpaca\/","title":{"rendered":"BUCKET HAT"},"content":{"rendered":"","protected":false},"excerpt":{"rendered":"<p>Poczuj si\u0119 wyj\u0105tkowo w naszym Bucket Hat z we\u0142ny z alpaki!<\/p>\n<ul>\n<li aria-level=\"1\">r\u0119cznie wykonany w naszym atelier<\/li>\n<li aria-level=\"1\">100% we\u0142na z alpaki<\/li>\n<li aria-level=\"1\">podszewka 100% jedwab<\/li>\n<li aria-level=\"1\">czyszczenie chemiczne<\/li>\n<\/ul>\n","protected":false},"author":1,"featured_media":146,"template":"","meta":{"_acf_changed":false,"advgb_blocks_editor_width":"","advgb_blocks_columns_visual_guide":""},"product_brand":[],"product_cat":[37,17],"product_tag":[53,49,44,42,54],"class_list":{"0":"post-176","1":"product","2":"type-product","3":"status-publish","4":"has-post-thumbnail","6":"product_cat-hats-and-caps","7":"product_cat-collection","8":"product_tag-alpaca","9":"product_tag-camel","10":"product_tag-hat","11":"product_tag-kapelusz","12":"product_tag-wool","14":"first","15":"instock","16":"shipping-taxable","17":"purchasable","18":"product-type-variable"},"acf":{"podtytul":"CAMEL ALPAKA"},"featured_img":"https:\/\/ewe-eme.com\/wp-content\/uploads\/2021\/11\/bucket-hat-camel-alpaca.jpg","coauthors":[],"author_meta":{"author_link":"http:\/\/ewe-eme.com\/pl_pl\/author\/eweeme\/","display_name":"eweeme"},"relative_dates":{"created":"Posted 4 lata ago","modified":"Updated 1 rok ago"},"absolute_dates":{"created":"Posted on 26\/11\/2021","modified":"Updated on 24\/11\/2024"},"absolute_dates_time":{"created":"Posted on 26\/11\/2021 09:11","modified":"Updated on 24\/11\/2024 21:21"},"featured_img_caption":"","tax_additional":{"product_brand":{"linked":[],"unlinked":[],"slug":"product_brand","name":"Marki"},"product_type":{"linked":["<a href=\"http:\/\/ewe-eme.com\/pl_pl\/?taxonomy=product_type&#038;term=variable\" class=\"advgb-post-tax-term\">variable<\/a>"],"unlinked":["<span class=\"advgb-post-tax-term\">variable<\/span>"],"slug":"product_type","name":"Typ produktu"},"product_visibility":{"linked":[],"unlinked":[],"slug":"product_visibility","name":"Widoczno\u015b\u0107 produktu"},"product_cat":{"linked":["<a href=\"http:\/\/ewe-eme.com\/pl_pl\/kategoria-produktu\/hats-and-caps\/\" class=\"advgb-post-tax-term\">kapelusze &amp; czapki<\/a>","<a href=\"http:\/\/ewe-eme.com\/pl_pl\/kategoria-produktu\/collection\/\" class=\"advgb-post-tax-term\">kolekcja<\/a>"],"unlinked":["<span class=\"advgb-post-tax-term\">kapelusze &amp; czapki<\/span>","<span class=\"advgb-post-tax-term\">kolekcja<\/span>"],"slug":"product_cat","name":"Kategorie produkt\u00f3w"},"product_tag":{"linked":["<a href=\"http:\/\/ewe-eme.com\/pl_pl\/tag-produktu\/alpaca\/\" class=\"advgb-post-tax-term\">alpaca<\/a>","<a href=\"http:\/\/ewe-eme.com\/pl_pl\/tag-produktu\/camel\/\" class=\"advgb-post-tax-term\">camel<\/a>","<a href=\"http:\/\/ewe-eme.com\/pl_pl\/tag-produktu\/hat\/\" class=\"advgb-post-tax-term\">hat<\/a>","<a href=\"http:\/\/ewe-eme.com\/pl_pl\/tag-produktu\/kapelusz\/\" class=\"advgb-post-tax-term\">kapelusz<\/a>","<a href=\"http:\/\/ewe-eme.com\/pl_pl\/tag-produktu\/wool\/\" class=\"advgb-post-tax-term\">wool<\/a>"],"unlinked":["<span class=\"advgb-post-tax-term\">alpaca<\/span>","<span class=\"advgb-post-tax-term\">camel<\/span>","<span class=\"advgb-post-tax-term\">hat<\/span>","<span class=\"advgb-post-tax-term\">kapelusz<\/span>","<span class=\"advgb-post-tax-term\">wool<\/span>"],"slug":"product_tag","name":"Znaczniki produktu"},"product_shipping_class":{"linked":[],"unlinked":[],"slug":"product_shipping_class","name":"Klasy wysy\u0142kowe produktu"},"pos_product_visibility":{"linked":[],"unlinked":[],"slug":"pos_product_visibility","name":"Widoczno\u015b\u0107 produktu w punkcie sprzeda\u017cy (POS)"},"pa_kapelusz":{"linked":["<a href=\"http:\/\/ewe-eme.com\/pl_pl\/?taxonomy=pa_kapelusz&#038;term=54\" class=\"advgb-post-tax-term\">54<\/a>","<a href=\"http:\/\/ewe-eme.com\/pl_pl\/?taxonomy=pa_kapelusz&#038;term=56\" class=\"advgb-post-tax-term\">56<\/a>"],"unlinked":["<span class=\"advgb-post-tax-term\">54<\/span>","<span class=\"advgb-post-tax-term\">56<\/span>"],"slug":"pa_kapelusz","name":"Atrybut produktu: rozmiar"},"pa_one-size":{"linked":[],"unlinked":[],"slug":"pa_one-size","name":"Atrybut produktu: rozmiar"},"pa_rekawiczki":{"linked":[],"unlinked":[],"slug":"pa_rekawiczki","name":"Atrybut produktu: rozmiar"}},"_links":{"self":[{"href":"http:\/\/ewe-eme.com\/pl_pl\/wp-json\/wp\/v2\/product\/176","targetHints":{"allow":["GET"]}}],"collection":[{"href":"http:\/\/ewe-eme.com\/pl_pl\/wp-json\/wp\/v2\/product"}],"about":[{"href":"http:\/\/ewe-eme.com\/pl_pl\/wp-json\/wp\/v2\/types\/product"}],"wp:featuredmedia":[{"embeddable":true,"href":"http:\/\/ewe-eme.com\/pl_pl\/wp-json\/wp\/v2\/media\/146"}],"wp:attachment":[{"href":"http:\/\/ewe-eme.com\/pl_pl\/wp-json\/wp\/v2\/media?parent=176"}],"wp:term":[{"taxonomy":"product_brand","embeddable":true,"href":"http:\/\/ewe-eme.com\/pl_pl\/wp-json\/wp\/v2\/product_brand?post=176"},{"taxonomy":"product_cat","embeddable":true,"href":"http:\/\/ewe-eme.com\/pl_pl\/wp-json\/wp\/v2\/product_cat?post=176"},{"taxonomy":"product_tag","embeddable":true,"href":"http:\/\/ewe-eme.com\/pl_pl\/wp-json\/wp\/v2\/product_tag?post=176"}],"curies":[{"name":"wp","href":"https:\/\/api.w.org\/{rel}","templated":true}]}}