
{"id":222,"date":"2021-11-26T18:37:30","date_gmt":"2021-11-26T17:37:30","guid":{"rendered":"https:\/\/eweeme.webd.pro\/eweeme\/?post_type=product&#038;p=222"},"modified":"2022-11-03T09:54:52","modified_gmt":"2022-11-03T08:54:52","slug":"cashmere-scarf-black-cashmere","status":"publish","type":"product","link":"http:\/\/ewe-eme.com\/pl_pl\/produkt\/cashmere-scarf-black-cashmere\/","title":{"rendered":"CASHMERE SCARF"},"content":{"rendered":"","protected":false},"excerpt":{"rendered":"<p>Poczuj si\u0119 wyj\u0105tkowo w naszym kaszmirowym szalu Cashmere Scarf!<\/p>\n<ul>\n<li aria-level=\"1\">r\u0119cznie wykonany w naszym atelier<\/li>\n<li aria-level=\"1\">100% kaszmir<\/li>\n<li aria-level=\"1\">czyszczenie chemiczne<\/li>\n<li aria-level=\"1\">wymiary: 190&#215;25 cm<\/li>\n<\/ul>\n","protected":false},"author":1,"featured_media":151,"template":"","meta":{"_acf_changed":false,"advgb_blocks_editor_width":"","advgb_blocks_columns_visual_guide":""},"product_brand":[],"product_cat":[17,57],"product_tag":[],"class_list":{"0":"post-222","1":"product","2":"type-product","3":"status-publish","4":"has-post-thumbnail","6":"product_cat-collection","7":"product_cat-szale","9":"first","10":"instock","11":"shipping-taxable","12":"purchasable","13":"product-type-variable","14":"has-default-attributes"},"acf":{"podtytul":"CZARNY KASZMIR"},"featured_img":"https:\/\/ewe-eme.com\/wp-content\/uploads\/2021\/11\/cashmere-scarf-black.jpg","coauthors":[],"author_meta":{"author_link":"http:\/\/ewe-eme.com\/pl_pl\/author\/eweeme\/","display_name":"eweeme"},"relative_dates":{"created":"Posted 4 lata ago","modified":"Updated 3 lata ago"},"absolute_dates":{"created":"Posted on 26\/11\/2021","modified":"Updated on 03\/11\/2022"},"absolute_dates_time":{"created":"Posted on 26\/11\/2021 18:37","modified":"Updated on 03\/11\/2022 09:54"},"featured_img_caption":"","tax_additional":{"product_brand":{"linked":[],"unlinked":[],"slug":"product_brand","name":"Marki"},"product_type":{"linked":["<a href=\"http:\/\/ewe-eme.com\/pl_pl\/?taxonomy=product_type&#038;term=variable\" class=\"advgb-post-tax-term\">variable<\/a>"],"unlinked":["<span class=\"advgb-post-tax-term\">variable<\/span>"],"slug":"product_type","name":"Typ produktu"},"product_visibility":{"linked":[],"unlinked":[],"slug":"product_visibility","name":"Widoczno\u015b\u0107 produktu"},"product_cat":{"linked":["<a href=\"http:\/\/ewe-eme.com\/pl_pl\/kategoria-produktu\/collection\/\" class=\"advgb-post-tax-term\">kolekcja<\/a>","<a href=\"http:\/\/ewe-eme.com\/pl_pl\/kategoria-produktu\/szale\/\" class=\"advgb-post-tax-term\">szale &amp; chusty<\/a>"],"unlinked":["<span class=\"advgb-post-tax-term\">kolekcja<\/span>","<span class=\"advgb-post-tax-term\">szale &amp; chusty<\/span>"],"slug":"product_cat","name":"Kategorie produkt\u00f3w"},"product_tag":{"linked":[],"unlinked":[],"slug":"product_tag","name":"Znaczniki produktu"},"product_shipping_class":{"linked":[],"unlinked":[],"slug":"product_shipping_class","name":"Klasy wysy\u0142kowe produktu"},"pos_product_visibility":{"linked":[],"unlinked":[],"slug":"pos_product_visibility","name":"Widoczno\u015b\u0107 produktu w punkcie sprzeda\u017cy (POS)"},"pa_kapelusz":{"linked":[],"unlinked":[],"slug":"pa_kapelusz","name":"Atrybut produktu: rozmiar"},"pa_one-size":{"linked":["<a href=\"http:\/\/ewe-eme.com\/pl_pl\/?taxonomy=pa_one-size&#038;term=onesize\" class=\"advgb-post-tax-term\">ONE SIZE<\/a>"],"unlinked":["<span class=\"advgb-post-tax-term\">ONE SIZE<\/span>"],"slug":"pa_one-size","name":"Atrybut produktu: rozmiar"},"pa_rekawiczki":{"linked":[],"unlinked":[],"slug":"pa_rekawiczki","name":"Atrybut produktu: rozmiar"}},"_links":{"self":[{"href":"http:\/\/ewe-eme.com\/pl_pl\/wp-json\/wp\/v2\/product\/222","targetHints":{"allow":["GET"]}}],"collection":[{"href":"http:\/\/ewe-eme.com\/pl_pl\/wp-json\/wp\/v2\/product"}],"about":[{"href":"http:\/\/ewe-eme.com\/pl_pl\/wp-json\/wp\/v2\/types\/product"}],"wp:featuredmedia":[{"embeddable":true,"href":"http:\/\/ewe-eme.com\/pl_pl\/wp-json\/wp\/v2\/media\/151"}],"wp:attachment":[{"href":"http:\/\/ewe-eme.com\/pl_pl\/wp-json\/wp\/v2\/media?parent=222"}],"wp:term":[{"taxonomy":"product_brand","embeddable":true,"href":"http:\/\/ewe-eme.com\/pl_pl\/wp-json\/wp\/v2\/product_brand?post=222"},{"taxonomy":"product_cat","embeddable":true,"href":"http:\/\/ewe-eme.com\/pl_pl\/wp-json\/wp\/v2\/product_cat?post=222"},{"taxonomy":"product_tag","embeddable":true,"href":"http:\/\/ewe-eme.com\/pl_pl\/wp-json\/wp\/v2\/product_tag?post=222"}],"curies":[{"name":"wp","href":"https:\/\/api.w.org\/{rel}","templated":true}]}}