
{"id":257,"date":"2021-11-27T11:33:55","date_gmt":"2021-11-27T10:33:55","guid":{"rendered":"https:\/\/eweeme.webd.pro\/eweeme\/?post_type=product&#038;p=257"},"modified":"2024-11-24T21:16:46","modified_gmt":"2024-11-24T20:16:46","slug":"crystal-gloves-blue-jeans-cashmere","status":"publish","type":"product","link":"http:\/\/ewe-eme.com\/pl_pl\/produkt\/crystal-gloves-blue-jeans-cashmere\/","title":{"rendered":"CRYSTAL GLOVES"},"content":{"rendered":"","protected":false},"excerpt":{"rendered":"<p><span style=\"font-weight: 400;\">Ogrzej d\u0142onie naszymi kaszmirowymi r\u0119kawiczkami Crystal Gloves!<\/span><\/p>\n<ul>\n<li style=\"font-weight: 400;\" aria-level=\"1\"><span style=\"font-weight: 400;\">r\u0119cznie wykonane w naszym atelier<\/span><\/li>\n<li style=\"font-weight: 400;\" aria-level=\"1\"><span style=\"font-weight: 400;\">r\u0119cznie zdobione kryszta\u0142ami Swarovskiego<\/span><\/li>\n<li style=\"font-weight: 400;\" aria-level=\"1\"><span style=\"font-weight: 400;\">100% kaszmir\u00a0<\/span><\/li>\n<li style=\"font-weight: 400;\" aria-level=\"1\"><span style=\"font-weight: 400;\">czyszczenie chemiczne<\/span><\/li>\n<\/ul>\n","protected":false},"author":1,"featured_media":291,"template":"","meta":{"_acf_changed":false,"advgb_blocks_editor_width":"","advgb_blocks_columns_visual_guide":""},"product_brand":[],"product_cat":[17,36],"product_tag":[],"class_list":{"0":"post-257","1":"product","2":"type-product","3":"status-publish","4":"has-post-thumbnail","6":"product_cat-collection","7":"product_cat-gloves","9":"first","10":"instock","11":"shipping-taxable","12":"purchasable","13":"product-type-variable"},"acf":{"podtytul":"NIEBIESKI JEANS KASZMIR"},"featured_img":"https:\/\/ewe-eme.com\/wp-content\/uploads\/2021\/11\/crystal-gloves-blue-jeans-cashmere-front.jpg","coauthors":[],"author_meta":{"author_link":"http:\/\/ewe-eme.com\/pl_pl\/author\/eweeme\/","display_name":"eweeme"},"relative_dates":{"created":"Posted 4 lata ago","modified":"Updated 1 rok ago"},"absolute_dates":{"created":"Posted on 27\/11\/2021","modified":"Updated on 24\/11\/2024"},"absolute_dates_time":{"created":"Posted on 27\/11\/2021 11:33","modified":"Updated on 24\/11\/2024 21:16"},"featured_img_caption":"","tax_additional":{"product_brand":{"linked":[],"unlinked":[],"slug":"product_brand","name":"Marki"},"product_type":{"linked":["<a href=\"http:\/\/ewe-eme.com\/pl_pl\/?taxonomy=product_type&#038;term=variable\" class=\"advgb-post-tax-term\">variable<\/a>"],"unlinked":["<span class=\"advgb-post-tax-term\">variable<\/span>"],"slug":"product_type","name":"Typ produktu"},"product_visibility":{"linked":[],"unlinked":[],"slug":"product_visibility","name":"Widoczno\u015b\u0107 produktu"},"product_cat":{"linked":["<a href=\"http:\/\/ewe-eme.com\/pl_pl\/kategoria-produktu\/collection\/\" class=\"advgb-post-tax-term\">kolekcja<\/a>","<a href=\"http:\/\/ewe-eme.com\/pl_pl\/kategoria-produktu\/gloves\/\" class=\"advgb-post-tax-term\">r\u0119kawiczki<\/a>"],"unlinked":["<span class=\"advgb-post-tax-term\">kolekcja<\/span>","<span class=\"advgb-post-tax-term\">r\u0119kawiczki<\/span>"],"slug":"product_cat","name":"Kategorie produkt\u00f3w"},"product_tag":{"linked":[],"unlinked":[],"slug":"product_tag","name":"Znaczniki produktu"},"product_shipping_class":{"linked":[],"unlinked":[],"slug":"product_shipping_class","name":"Klasy wysy\u0142kowe produktu"},"pos_product_visibility":{"linked":[],"unlinked":[],"slug":"pos_product_visibility","name":"Widoczno\u015b\u0107 produktu w punkcie sprzeda\u017cy (POS)"},"pa_kapelusz":{"linked":[],"unlinked":[],"slug":"pa_kapelusz","name":"Atrybut produktu: rozmiar"},"pa_one-size":{"linked":[],"unlinked":[],"slug":"pa_one-size","name":"Atrybut produktu: rozmiar"},"pa_rekawiczki":{"linked":["<a href=\"http:\/\/ewe-eme.com\/pl_pl\/?taxonomy=pa_rekawiczki&#038;term=l\" class=\"advgb-post-tax-term\">L<\/a>","<a href=\"http:\/\/ewe-eme.com\/pl_pl\/?taxonomy=pa_rekawiczki&#038;term=m\" class=\"advgb-post-tax-term\">M<\/a>","<a href=\"http:\/\/ewe-eme.com\/pl_pl\/?taxonomy=pa_rekawiczki&#038;term=s\" class=\"advgb-post-tax-term\">S<\/a>"],"unlinked":["<span class=\"advgb-post-tax-term\">L<\/span>","<span class=\"advgb-post-tax-term\">M<\/span>","<span class=\"advgb-post-tax-term\">S<\/span>"],"slug":"pa_rekawiczki","name":"Atrybut produktu: rozmiar"}},"_links":{"self":[{"href":"http:\/\/ewe-eme.com\/pl_pl\/wp-json\/wp\/v2\/product\/257","targetHints":{"allow":["GET"]}}],"collection":[{"href":"http:\/\/ewe-eme.com\/pl_pl\/wp-json\/wp\/v2\/product"}],"about":[{"href":"http:\/\/ewe-eme.com\/pl_pl\/wp-json\/wp\/v2\/types\/product"}],"wp:featuredmedia":[{"embeddable":true,"href":"http:\/\/ewe-eme.com\/pl_pl\/wp-json\/wp\/v2\/media\/291"}],"wp:attachment":[{"href":"http:\/\/ewe-eme.com\/pl_pl\/wp-json\/wp\/v2\/media?parent=257"}],"wp:term":[{"taxonomy":"product_brand","embeddable":true,"href":"http:\/\/ewe-eme.com\/pl_pl\/wp-json\/wp\/v2\/product_brand?post=257"},{"taxonomy":"product_cat","embeddable":true,"href":"http:\/\/ewe-eme.com\/pl_pl\/wp-json\/wp\/v2\/product_cat?post=257"},{"taxonomy":"product_tag","embeddable":true,"href":"http:\/\/ewe-eme.com\/pl_pl\/wp-json\/wp\/v2\/product_tag?post=257"}],"curies":[{"name":"wp","href":"https:\/\/api.w.org\/{rel}","templated":true}]}}