
{"id":546,"date":"2022-05-26T16:00:03","date_gmt":"2022-05-26T14:00:03","guid":{"rendered":"https:\/\/ewe-eme.com\/?post_type=product&#038;p=546"},"modified":"2022-11-03T09:52:52","modified_gmt":"2022-11-03T08:52:52","slug":"silk-scarf-2","status":"publish","type":"product","link":"http:\/\/ewe-eme.com\/pl_pl\/produkt\/silk-scarf-2\/","title":{"rendered":"SILK SCARF"},"content":{"rendered":"","protected":false},"excerpt":{"rendered":"<ul>\n<li style=\"font-weight: 400;\" aria-level=\"1\"><span style=\"font-weight: 400;\">100% silk<\/span><\/li>\n<li aria-level=\"1\">90cm x 90cm<\/li>\n<li aria-level=\"1\">deadstockfabrick<\/li>\n<li aria-level=\"1\">dry clean only<\/li>\n<\/ul>\n","protected":false},"author":1,"featured_media":550,"template":"","meta":{"_acf_changed":false,"advgb_blocks_editor_width":"","advgb_blocks_columns_visual_guide":""},"product_brand":[],"product_cat":[17,57],"product_tag":[74,73],"class_list":{"0":"post-546","1":"product","2":"type-product","3":"status-publish","4":"has-post-thumbnail","6":"product_cat-collection","7":"product_cat-szale","8":"product_tag-jedwab","9":"product_tag-silkscarf","11":"first","12":"instock","13":"shipping-taxable","14":"purchasable","15":"product-type-variable","16":"has-default-attributes"},"acf":{"podtytul":" BLUE & GREEN  90 x 90"},"featured_img":"https:\/\/ewe-eme.com\/wp-content\/uploads\/2022\/05\/silk-scarf-blue3-scaled.jpg","coauthors":[],"author_meta":{"author_link":"http:\/\/ewe-eme.com\/pl_pl\/author\/eweeme\/","display_name":"eweeme"},"relative_dates":{"created":"Posted 4 lata ago","modified":"Updated 3 lata ago"},"absolute_dates":{"created":"Posted on 26\/05\/2022","modified":"Updated on 03\/11\/2022"},"absolute_dates_time":{"created":"Posted on 26\/05\/2022 16:00","modified":"Updated on 03\/11\/2022 09:52"},"featured_img_caption":"","tax_additional":{"product_brand":{"linked":[],"unlinked":[],"slug":"product_brand","name":"Marki"},"product_type":{"linked":["<a href=\"http:\/\/ewe-eme.com\/pl_pl\/?taxonomy=product_type&#038;term=variable\" class=\"advgb-post-tax-term\">variable<\/a>"],"unlinked":["<span class=\"advgb-post-tax-term\">variable<\/span>"],"slug":"product_type","name":"Typ produktu"},"product_visibility":{"linked":[],"unlinked":[],"slug":"product_visibility","name":"Widoczno\u015b\u0107 produktu"},"product_cat":{"linked":["<a href=\"http:\/\/ewe-eme.com\/pl_pl\/kategoria-produktu\/collection\/\" class=\"advgb-post-tax-term\">kolekcja<\/a>","<a href=\"http:\/\/ewe-eme.com\/pl_pl\/kategoria-produktu\/szale\/\" class=\"advgb-post-tax-term\">szale &amp; chusty<\/a>"],"unlinked":["<span class=\"advgb-post-tax-term\">kolekcja<\/span>","<span class=\"advgb-post-tax-term\">szale &amp; chusty<\/span>"],"slug":"product_cat","name":"Kategorie produkt\u00f3w"},"product_tag":{"linked":["<a href=\"http:\/\/ewe-eme.com\/pl_pl\/tag-produktu\/jedwab\/\" class=\"advgb-post-tax-term\">JEDWAB<\/a>","<a href=\"http:\/\/ewe-eme.com\/pl_pl\/tag-produktu\/silkscarf\/\" class=\"advgb-post-tax-term\">SILKSCARF<\/a>"],"unlinked":["<span class=\"advgb-post-tax-term\">JEDWAB<\/span>","<span class=\"advgb-post-tax-term\">SILKSCARF<\/span>"],"slug":"product_tag","name":"Znaczniki produktu"},"product_shipping_class":{"linked":[],"unlinked":[],"slug":"product_shipping_class","name":"Klasy wysy\u0142kowe produktu"},"pos_product_visibility":{"linked":[],"unlinked":[],"slug":"pos_product_visibility","name":"Widoczno\u015b\u0107 produktu w punkcie sprzeda\u017cy (POS)"},"pa_kapelusz":{"linked":[],"unlinked":[],"slug":"pa_kapelusz","name":"Atrybut produktu: rozmiar"},"pa_one-size":{"linked":["<a href=\"http:\/\/ewe-eme.com\/pl_pl\/?taxonomy=pa_one-size&#038;term=onesize\" class=\"advgb-post-tax-term\">ONE SIZE<\/a>"],"unlinked":["<span class=\"advgb-post-tax-term\">ONE SIZE<\/span>"],"slug":"pa_one-size","name":"Atrybut produktu: rozmiar"},"pa_rekawiczki":{"linked":[],"unlinked":[],"slug":"pa_rekawiczki","name":"Atrybut produktu: rozmiar"}},"_links":{"self":[{"href":"http:\/\/ewe-eme.com\/pl_pl\/wp-json\/wp\/v2\/product\/546","targetHints":{"allow":["GET"]}}],"collection":[{"href":"http:\/\/ewe-eme.com\/pl_pl\/wp-json\/wp\/v2\/product"}],"about":[{"href":"http:\/\/ewe-eme.com\/pl_pl\/wp-json\/wp\/v2\/types\/product"}],"wp:featuredmedia":[{"embeddable":true,"href":"http:\/\/ewe-eme.com\/pl_pl\/wp-json\/wp\/v2\/media\/550"}],"wp:attachment":[{"href":"http:\/\/ewe-eme.com\/pl_pl\/wp-json\/wp\/v2\/media?parent=546"}],"wp:term":[{"taxonomy":"product_brand","embeddable":true,"href":"http:\/\/ewe-eme.com\/pl_pl\/wp-json\/wp\/v2\/product_brand?post=546"},{"taxonomy":"product_cat","embeddable":true,"href":"http:\/\/ewe-eme.com\/pl_pl\/wp-json\/wp\/v2\/product_cat?post=546"},{"taxonomy":"product_tag","embeddable":true,"href":"http:\/\/ewe-eme.com\/pl_pl\/wp-json\/wp\/v2\/product_tag?post=546"}],"curies":[{"name":"wp","href":"https:\/\/api.w.org\/{rel}","templated":true}]}}